{"id":1794,"date":"2021-11-12T23:57:23","date_gmt":"2021-11-12T23:57:23","guid":{"rendered":"http:\/\/beotech.com.tr\/?post_type=product&#038;p=1794"},"modified":"2021-11-12T23:59:00","modified_gmt":"2021-11-12T23:59:00","slug":"lenze-i510","status":"publish","type":"product","link":"https:\/\/beotech.com.tr\/mk\/urun\/lenze-i510\/","title":{"rendered":"Lenze I510"},"content":{"rendered":"<p>\u0130510 ve i550 serisinin frekans inverterleri, 0,25 ila 132 kW g\u00fc\u00e7 aral\u0131\u011f\u0131n\u0131 destekler.\u00a0Temel i510 invert\u00f6r, 0,25 ila 15 kW g\u00fc\u00e7 aral\u0131\u011f\u0131n\u0131 kapsar ve t\u00fcm yayg\u0131n fieldbus\u2019lar arac\u0131l\u0131\u011f\u0131yla ileti\u015fimi sa\u011flayan evrensel olarak uygulanabilir i550, 0,25 ila 132 kW g\u00fc\u00e7 aral\u0131\u011f\u0131n\u0131 kapsar.<\/p>\n","protected":false},"excerpt":{"rendered":"<h4>Her iki cihaz da a\u015fa\u011f\u0131daki ay\u0131rt edici \u00f6zellikleri sunar<\/h4>\n<ul>\n<li>60 mm &#8230;<br \/>\n","protected":false},"featured_media":1795,"comment_status":"open","ping_status":"closed","template":"","meta":[],"product_cat":[91],"product_tag":[93,94,95,92],"class_list":{"0":"post-1794","1":"product","2":"type-product","3":"status-publish","4":"has-post-thumbnail","6":"product_cat-lenze-suruculer","7":"product_tag-i510","8":"product_tag-i510-lenze","9":"product_tag-i510-surucu","10":"product_tag-lenze","12":"first","13":"instock","14":"shipping-taxable","15":"product-type-simple"},"_links":{"self":[{"href":"https:\/\/beotech.com.tr\/mk\/wp-json\/wp\/v2\/product\/1794"}],"collection":[{"href":"https:\/\/beotech.com.tr\/mk\/wp-json\/wp\/v2\/product"}],"about":[{"href":"https:\/\/beotech.com.tr\/mk\/wp-json\/wp\/v2\/types\/product"}],"replies":[{"embeddable":true,"href":"https:\/\/beotech.com.tr\/mk\/wp-json\/wp\/v2\/comments?post=1794"}],"wp:featuredmedia":[{"embeddable":true,"href":"https:\/\/beotech.com.tr\/mk\/wp-json\/wp\/v2\/media\/1795"}],"wp:attachment":[{"href":"https:\/\/beotech.com.tr\/mk\/wp-json\/wp\/v2\/media?parent=1794"}],"wp:term":[{"taxonomy":"product_cat","embeddable":true,"href":"https:\/\/beotech.com.tr\/mk\/wp-json\/wp\/v2\/product_cat?post=1794"},{"taxonomy":"product_tag","embeddable":true,"href":"https:\/\/beotech.com.tr\/mk\/wp-json\/wp\/v2\/product_tag?post=1794"}],"curies":[{"name":"wp","href":"https:\/\/api.w.org\/{rel}","templated":true}]}}