{"id":2482,"date":"2018-05-29T11:14:04","date_gmt":"2018-05-29T08:14:04","guid":{"rendered":"https:\/\/beotech.com.tr\/%d0%ba%d0%be%d0%bc%d1%83%d0%bd%d0%b8%d0%ba%d0%b0%d1%86%d0%b8%d1%98%d0%b0\/"},"modified":"2024-09-04T07:39:20","modified_gmt":"2024-09-04T04:39:20","slug":"%d0%ba%d0%be%d0%bc%d1%83%d0%bd%d0%b8%d0%ba%d0%b0%d1%86%d0%b8%d1%98%d0%b0","status":"publish","type":"page","link":"https:\/\/beotech.com.tr\/mk\/%d0%ba%d0%be%d0%bc%d1%83%d0%bd%d0%b8%d0%ba%d0%b0%d1%86%d0%b8%d1%98%d0%b0\/","title":{"rendered":"\u041a\u043e\u043c\u0443\u043d\u0438\u043a\u0430\u0446\u0438\u0458\u0430"},"content":{"rendered":"\t\t<div data-elementor-type=\"wp-page\" data-elementor-id=\"2482\" class=\"elementor elementor-2482\" data-elementor-post-type=\"page\">\n\t\t\t\t\t\t<section class=\"elementor-section elementor-top-section elementor-element elementor-element-71f7ff7 elementor-section-boxed elementor-section-height-default elementor-section-height-default\" data-id=\"71f7ff7\" data-element_type=\"section\">\n\t\t\t\t\t\t<div class=\"elementor-container elementor-column-gap-default\">\n\t\t\t\t\t<div class=\"elementor-column elementor-col-33 elementor-top-column elementor-element elementor-element-3c8d32d\" data-id=\"3c8d32d\" data-element_type=\"column\">\n\t\t\t<div class=\"elementor-widget-wrap elementor-element-populated\">\n\t\t\t\t\t\t<div class=\"elementor-element elementor-element-391c945 elementor-widget elementor-widget-cz_service_box\" data-id=\"391c945\" data-element_type=\"widget\" data-widget_type=\"cz_service_box.default\">\n\t\t\t\t<div class=\"elementor-widget-container\">\n\t\t\t<a href=\"tel:+905062820626\"><div class=\"services clr style1 cz_sbi_fx_9 services_b\"><div class=\"service_custom\"><i class=\"fa czico-092-phone-call-1\"><\/i><\/div><div class=\"service_text\"><h3>\u0422\u0435\u043b\u0435\u0444\u043e\u043d<\/h3><div class=\"cz_wpe_content\"><p><span style=\"font-size: 20px; color: #666666;\">+90 224 532 08 31<br \/>+90 506 282 06 26<\/span><\/p><\/div><\/div><\/div><\/a>\t\t<\/div>\n\t\t\t\t<\/div>\n\t\t\t\t\t<\/div>\n\t\t<\/div>\n\t\t\t\t<div class=\"elementor-column elementor-col-33 elementor-top-column elementor-element elementor-element-8e976c5\" data-id=\"8e976c5\" data-element_type=\"column\">\n\t\t\t<div class=\"elementor-widget-wrap elementor-element-populated\">\n\t\t\t\t\t\t<div class=\"elementor-element elementor-element-9e7b941 elementor-widget elementor-widget-cz_service_box\" data-id=\"9e7b941\" data-element_type=\"widget\" data-widget_type=\"cz_service_box.default\">\n\t\t\t\t<div class=\"elementor-widget-container\">\n\t\t\t<a href=\"mailto:info@beotech.com.tr\"><div class=\"services clr style1 cz_sbi_fx_9 services_b\"><div class=\"service_custom\"><i class=\"far fa-envelope-open\"><\/i><\/div><div class=\"service_text\"><h3>\u0415-\u043f\u043e\u0448\u0442\u0430<\/h3><div class=\"cz_wpe_content\"><p>info@beotech.com.tr<\/p><\/div><\/div><\/div><\/a>\t\t<\/div>\n\t\t\t\t<\/div>\n\t\t\t\t\t<\/div>\n\t\t<\/div>\n\t\t\t\t<div class=\"elementor-column elementor-col-33 elementor-top-column elementor-element elementor-element-a436c4a\" data-id=\"a436c4a\" data-element_type=\"column\">\n\t\t\t<div class=\"elementor-widget-wrap elementor-element-populated\">\n\t\t\t\t\t\t<div class=\"elementor-element elementor-element-ced5ff6 elementor-widget elementor-widget-cz_service_box\" data-id=\"ced5ff6\" data-element_type=\"widget\" data-widget_type=\"cz_service_box.default\">\n\t\t\t\t<div class=\"elementor-widget-container\">\n\t\t\t<a href=\"https:\/\/goo.gl\/maps\/tcVuu4Rhz2NSN26f8\" target=\"_blank\"><div class=\"services clr style1 cz_sbi_fx_9 services_b\"><div class=\"service_custom\"><i class=\"fa czico-083-placeholder-1\"><\/i><\/div><div class=\"service_text\"><h3>\u0410\u0434\u0440\u0435\u0441\u0430<\/h3><div class=\"cz_wpe_content\"><p><span style=\"font-size: 20px; color: #666666;\">Alaaddinbey Mh. <br \/>632.Sk. No: 6A \u0130\u00e7 Kap\u0131 No: 1 <br \/>Nil\u00fcfer \/ Bursa \/ TURKIYE<\/span><\/p><\/div><\/div><\/div><\/a>\t\t<\/div>\n\t\t\t\t<\/div>\n\t\t\t\t\t<\/div>\n\t\t<\/div>\n\t\t\t\t\t<\/div>\n\t\t<\/section>\n\t\t\t\t<section class=\"elementor-section elementor-top-section elementor-element elementor-element-276a4ee elementor-section-boxed elementor-section-height-default elementor-section-height-default\" data-id=\"276a4ee\" data-element_type=\"section\">\n\t\t\t\t\t\t<div class=\"elementor-container elementor-column-gap-default\">\n\t\t\t\t\t<div class=\"elementor-column elementor-col-100 elementor-top-column elementor-element elementor-element-7b2d98f\" data-id=\"7b2d98f\" data-element_type=\"column\">\n\t\t\t<div class=\"elementor-widget-wrap elementor-element-populated\">\n\t\t\t\t\t\t<div class=\"elementor-element elementor-element-cce9ed1 elementor-widget elementor-widget-cz_google_map\" data-id=\"cce9ed1\" data-element_type=\"widget\" data-widget_type=\"cz_google_map.default\">\n\t\t\t\t<div class=\"elementor-widget-container\">\n\t\t\t<div id=\"cz8830\" class=\"gmap\" data-api-key=\"AIzaSyCIjgfkY7Ljq1bhEWADC0CeDwicgYjqRZM\"> <\/div><script>\r\n\t\t\tfunction mapfucntion_cz8830() {\r\n\r\n\t\t\t\tgoogle.maps.Map.prototype.setCenterWithOffset= function(latlng, offsetX, offsetY) {\r\n\t\t\t\t\tvar map = this;\r\n\t\t\t\t\tvar ov = new google.maps.OverlayView();\r\n\t\t\t\t\tov.onAdd = function() {\r\n\t\t\t\t\t\tvar proj = this.getProjection();\r\n\t\t\t\t\t\tvar aPoint = proj.fromLatLngToContainerPixel(latlng);\r\n\t\t\t\t\t\taPoint.x = aPoint.x+offsetX;\r\n\t\t\t\t\t\taPoint.y = aPoint.y+offsetY;\r\n\t\t\t\t\t\tmap.setCenter(proj.fromContainerPixelToLatLng(aPoint));\r\n\t\t\t\t\t}; \r\n\t\t\t\t\tov.draw = function() {}; \r\n\t\t\t\t\tov.setMap(this); \r\n\t\t\t\t};\r\n\r\n\t\t\t\tvar windx = jQuery(window), \r\n\r\n\t\t\t\t\tlatlng = new google.maps.LatLng(40.208847, 28.9306268),\r\n\r\n\t\t\t\t\tmyOptions = {\r\n\t\t\t\t\t\tzoom: 17,\r\n\t\t\t\t\t\tscrollwheel: false,\r\n\t\t\t\t\t\tdisableDefaultUI: false,\r\n\t\t\t\t\t\tcenter: latlng\r\n\t\t\t\t\t},\r\n\r\n\t\t\t\t\tcz8830 = new google.maps.Map(document.getElementById(\"cz8830\"),\r\n\t\t\t\t\tmyOptions),\r\n\r\n\t\t\t\t\tsetCenterOffset = function() {\r\n\r\n\t\t\t\t\t\tif ( windx.width() < 768 ) {\r\n\t\t\t\t\t\t\tcz8830.setCenterWithOffset( latlng, 0, 0 );\r\n\t\t\t\t\t\t} else {\r\n\t\t\t\t\t\t\tcz8830.setCenterWithOffset( latlng, 0, 0 );\r\n\t\t\t\t\t\t}\r\n\r\n\t\t\t\t\t};\r\n\r\n\t\t\t\tsetCenterOffset();\r\n\r\n\t\t\t\twindx.on( \"resize\", function() {\r\n\t\t\t\t\tsetCenterOffset();\r\n\t\t\t\t});\r\n\t\t\tvar image = \"https:\/\/beotech.com.tr\/wp-content\/uploads\/2019\/10\/map.png\";var marker = new google.maps.Marker({map: cz8830,icon: image,position: cz8830.getCenter()});\r\n\t\t\tvar contentString = '<div class=\"infowindow\" style=\"white-space:nowrap\">BEOTECH Otomasyon \u00c7\u00f6z\u00fcmleri<\/div>';\r\n\t\t\tvar infowindow = new google.maps.InfoWindow({\r\n\t\t\t\tcontent: contentString\r\n\t\t\t});\r\n\t\t\t\t\t\t\r\n\t\t\tgoogle.maps.event.addListener(marker, 'click', function() {\r\n\t\t\t  infowindow.open(cz8830,marker);\r\n\t\t\t});\r\n\t\t\t}<\/script>\t\t<\/div>\n\t\t\t\t<\/div>\n\t\t\t\t\t<\/div>\n\t\t<\/div>\n\t\t\t\t\t<\/div>\n\t\t<\/section>\n\t\t\t\t<section class=\"elementor-section elementor-top-section elementor-element elementor-element-bcafbb9 elementor-section-boxed elementor-section-height-default elementor-section-height-default\" data-id=\"bcafbb9\" data-element_type=\"section\">\n\t\t\t\t\t\t<div class=\"elementor-container elementor-column-gap-default\">\n\t\t\t\t\t<div class=\"elementor-column elementor-col-50 elementor-top-column elementor-element elementor-element-fc2b32f\" data-id=\"fc2b32f\" data-element_type=\"column\">\n\t\t\t<div class=\"elementor-widget-wrap elementor-element-populated\">\n\t\t\t\t\t\t<div class=\"elementor-element elementor-element-ea695dc elementor-widget elementor-widget-cz_title\" data-id=\"ea695dc\" data-element_type=\"widget\" data-widget_type=\"cz_title.default\">\n\t\t\t\t<div class=\"elementor-widget-container\">\n\t\t\t\t\r\n\t\t<div>\r\n\t\t\t<div class=\"cz_title clr cz_mobile_text_center cz_title_pos_inline\"><div class=\"cz_title_shape shape_square cz_shape_1\"><\/div><div class=\"cz_title_content\"><div class=\"cz_wpe_content\"><p><span style=\"color: #666666; font-size: 22px;\">\u041d\u0438\u0435 \u0441\u043c\u0435 \u0441\u0435\u043a\u043e\u0433\u0430\u0448 \u0431\u043b\u0438\u0441\u043a\u0443 \u0434\u043e \u0432\u0430\u0441<\/span><\/p><h2>\u041a\u043e\u043d\u0442\u0430\u043a\u0442\u0438\u0440\u0430\u0458\u0442\u0435 \u043d\u0435<\/h2><\/div><\/div><\/div>\r\n\t\t<\/div>\r\n\t\t\r\n\t\t\t\t<\/div>\n\t\t\t\t<\/div>\n\t\t\t\t<div class=\"elementor-element elementor-element-5adadd0 elementor-widget elementor-widget-cz_title\" data-id=\"5adadd0\" data-element_type=\"widget\" data-widget_type=\"cz_title.default\">\n\t\t\t\t<div class=\"elementor-widget-container\">\n\t\t\t\t\r\n\t\t<div>\r\n\t\t\t<div class=\"cz_title clr cz_mobile_text_center cz_title_pos_inline\"><div class=\"cz_title_content\"><div class=\"cz_wpe_content\"><p><span style=\"font-size: 20px; color: #666666;\">\u0408\u0430\u0432\u0435\u0442\u0435 \u0441\u0435 \u0438\u043b\u0438 \u0438\u0441\u043f\u0440\u0430\u0442\u0435\u0442\u0435 \u043f\u043e\u0440\u0430\u043a\u0430 \u0441\u0435\u0433\u0430 \u0437\u0430 \u0434\u0430 \u0434\u043e\u0431\u0438\u0435\u0442\u0435 \u0434\u0435\u0442\u0430\u043b\u043d\u0438 \u0438\u043d\u0444\u043e\u0440\u043c\u0430\u0446\u0438\u0438 \u0437\u0430 \u043d\u0430\u0448\u0438\u0442\u0435 \u0440\u0435\u0448\u0435\u043d\u0438\u0458\u0430 \u0437\u0430 \u043f\u0440\u043e\u0434\u0430\u0436\u0431\u0430, \u0442\u0435\u0445\u043d\u0438\u0447\u043a\u0438 \u0443\u0441\u043b\u0443\u0433\u0438 \u0438 \u0430\u0432\u0442\u043e\u043c\u0430\u0442\u0438\u0437\u0430\u0446\u0438\u0458\u0430.<\/span><\/p><\/div><\/div><\/div>\r\n\t\t<\/div>\r\n\t\t\r\n\t\t\t\t<\/div>\n\t\t\t\t<\/div>\n\t\t\t\t\t<\/div>\n\t\t<\/div>\n\t\t\t\t<div class=\"elementor-column elementor-col-50 elementor-top-column elementor-element elementor-element-6afefb2\" data-id=\"6afefb2\" data-element_type=\"column\">\n\t\t\t<div class=\"elementor-widget-wrap elementor-element-populated\">\n\t\t\t\t\t\t<div class=\"elementor-element elementor-element-c7c1623 elementor-widget elementor-widget-cz_contact_form_7\" data-id=\"c7c1623\" data-element_type=\"widget\" data-widget_type=\"cz_contact_form_7.default\">\n\t\t\t\t<div class=\"elementor-widget-container\">\n\t\t\t\t\t<div class=\"cz_cf7 clr\">\r\n\t\t\t<div>\n<div class=\"wpcf7 no-js\" id=\"wpcf7-f126-o1\" lang=\"en-US\" dir=\"ltr\">\n<div class=\"screen-reader-response\"><p role=\"status\" aria-live=\"polite\" aria-atomic=\"true\"><\/p> <ul><\/ul><\/div>\n<form action=\"\/mk\/wp-json\/wp\/v2\/pages\/2482#wpcf7-f126-o1\" method=\"post\" class=\"wpcf7-form init\" aria-label=\"Contact form\" novalidate=\"novalidate\" data-status=\"init\">\n<div style=\"display: none;\">\n<input type=\"hidden\" name=\"_wpcf7\" value=\"126\" \/>\n<input type=\"hidden\" name=\"_wpcf7_version\" value=\"5.9.8\" \/>\n<input type=\"hidden\" name=\"_wpcf7_locale\" value=\"en_US\" \/>\n<input type=\"hidden\" name=\"_wpcf7_unit_tag\" value=\"wpcf7-f126-o1\" \/>\n<input type=\"hidden\" name=\"_wpcf7_container_post\" value=\"0\" \/>\n<input type=\"hidden\" name=\"_wpcf7_posted_data_hash\" value=\"\" \/>\n<\/div>\n<p><span class=\"wpcf7-form-control-wrap\" data-name=\"your-name\"><input size=\"40\" maxlength=\"400\" class=\"wpcf7-form-control wpcf7-text wpcf7-validates-as-required\" aria-required=\"true\" aria-invalid=\"false\" placeholder=\"Ad, Soyad (*)\" value=\"\" type=\"text\" name=\"your-name\" \/><\/span>\n<\/p>\n<p><span class=\"wpcf7-form-control-wrap\" data-name=\"your-email\"><input size=\"40\" maxlength=\"400\" class=\"wpcf7-form-control wpcf7-email wpcf7-validates-as-required wpcf7-text wpcf7-validates-as-email\" aria-required=\"true\" aria-invalid=\"false\" placeholder=\"E-Posta (*)\" value=\"\" type=\"email\" name=\"your-email\" \/><\/span>\n<\/p>\n<p><span class=\"wpcf7-form-control-wrap\" data-name=\"your-subject\"><input size=\"40\" maxlength=\"400\" class=\"wpcf7-form-control wpcf7-text\" aria-invalid=\"false\" placeholder=\"Mesaj\" value=\"\" type=\"text\" name=\"your-subject\" \/><\/span>\n<\/p>\n<p><span class=\"wpcf7-form-control-wrap\" data-name=\"menu-178\"><select class=\"wpcf7-form-control wpcf7-select\" aria-invalid=\"false\" name=\"menu-178\"><option value=\"Sat\u0131\u015f ve Pazarlama\">Sat\u0131\u015f ve Pazarlama<\/option><option value=\"Teknik Servis\">Teknik Servis<\/option><option value=\"M\u00fc\u015fteri Hizmetleri\">M\u00fc\u015fteri Hizmetleri<\/option><option value=\"Di\u011fer\">Di\u011fer<\/option><\/select><\/span>\n<\/p>\n<p><span class=\"wpcf7-form-control-wrap\" data-name=\"your-message\"><textarea cols=\"40\" rows=\"10\" maxlength=\"2000\" class=\"wpcf7-form-control wpcf7-textarea\" aria-invalid=\"false\" placeholder=\"Mesaj\u0131n\u0131z\" name=\"your-message\"><\/textarea><\/span>\n<\/p>\n<p><input class=\"wpcf7-form-control wpcf7-submit has-spinner\" type=\"submit\" value=\"Mesaj G\u00f6nder\" \/>\n<\/p><div class=\"wpcf7-response-output\" aria-hidden=\"true\"><\/div>\n<\/form>\n<\/div>\n<\/div>\r\n\t\t<\/div>\r\n\t\t\t\t<\/div>\n\t\t\t\t<\/div>\n\t\t\t\t\t<\/div>\n\t\t<\/div>\n\t\t\t\t\t<\/div>\n\t\t<\/section>\n\t\t\t\t<\/div>\n\t\t","protected":false},"excerpt":{"rendered":"<p>\u0422\u0435\u043b\u0435\u0444\u043e\u043d +90 224 532 08 31+90 506 282 06 26 \u0415-\u043f\u043e\u0448\u0442\u0430 &#8230; <\/p>\n","protected":false},"author":1,"featured_media":0,"parent":0,"menu_order":0,"comment_status":"closed","ping_status":"closed","template":"","meta":{"footnotes":""},"class_list":["post-2482","page","type-page","status-publish","hentry"],"_links":{"self":[{"href":"https:\/\/beotech.com.tr\/mk\/wp-json\/wp\/v2\/pages\/2482"}],"collection":[{"href":"https:\/\/beotech.com.tr\/mk\/wp-json\/wp\/v2\/pages"}],"about":[{"href":"https:\/\/beotech.com.tr\/mk\/wp-json\/wp\/v2\/types\/page"}],"author":[{"embeddable":true,"href":"https:\/\/beotech.com.tr\/mk\/wp-json\/wp\/v2\/users\/1"}],"replies":[{"embeddable":true,"href":"https:\/\/beotech.com.tr\/mk\/wp-json\/wp\/v2\/comments?post=2482"}],"version-history":[{"count":3,"href":"https:\/\/beotech.com.tr\/mk\/wp-json\/wp\/v2\/pages\/2482\/revisions"}],"predecessor-version":[{"id":2555,"href":"https:\/\/beotech.com.tr\/mk\/wp-json\/wp\/v2\/pages\/2482\/revisions\/2555"}],"wp:attachment":[{"href":"https:\/\/beotech.com.tr\/mk\/wp-json\/wp\/v2\/media?parent=2482"}],"curies":[{"name":"wp","href":"https:\/\/api.w.org\/{rel}","templated":true}]}}