{"id":2474,"date":"2021-11-25T05:37:01","date_gmt":"2021-11-25T02:37:01","guid":{"rendered":"https:\/\/beotech.com.tr\/%d1%81%d0%b2%d0%be%d0%b8%d1%82%d0%b5-%d0%bf%d0%be%d0%b4%d0%b0%d1%82%d0%be%d1%86%d0%b8-%d0%b3%d0%b8-%d0%b2%d0%bd%d0%b5%d1%81%d1%83%d0%b2%d0%b0-%d0%b8-%d0%be%d0%b4-%d1%82%d0%b5%d1%80%d0%bc%d0%b8%d0%bd\/"},"modified":"2024-08-15T14:33:13","modified_gmt":"2024-08-15T11:33:13","slug":"%d1%81%d0%b2%d0%be%d0%b8%d1%82%d0%b5-%d0%bf%d0%be%d0%b4%d0%b0%d1%82%d0%be%d1%86%d0%b8-%d0%b3%d0%b8-%d0%b2%d0%bd%d0%b5%d1%81%d1%83%d0%b2%d0%b0-%d0%b8-%d0%be%d0%b4-%d1%82%d0%b5%d1%80%d0%bc%d0%b8%d0%bd","status":"publish","type":"page","link":"https:\/\/beotech.com.tr\/mk\/%d0%bd%d0%b0%d1%88%d0%b8%d1%82%d0%b5-%d1%83%d1%81%d0%bb%d1%83%d0%b3%d0%b8\/%d1%81%d0%b2%d0%be%d0%b8%d1%82%d0%b5-%d0%bf%d0%be%d0%b4%d0%b0%d1%82%d0%be%d1%86%d0%b8-%d0%b3%d0%b8-%d0%b2%d0%bd%d0%b5%d1%81%d1%83%d0%b2%d0%b0-%d0%b8-%d0%be%d0%b4-%d1%82%d0%b5%d1%80%d0%bc%d0%b8%d0%bd\/","title":{"rendered":"\u0421\u0432\u043e\u0438\u0442\u0435 \u043f\u043e\u0434\u0430\u0442\u043e\u0446\u0438 \u0433\u0438 \u0432\u043d\u0435\u0441\u0443\u0432\u0430 \u0438 \u043e\u0434 \u0442\u0435\u0440\u043c\u0438\u043d\u0430\u043b\u043e\u0442."},"content":{"rendered":"\t\t<div data-elementor-type=\"wp-page\" data-elementor-id=\"2474\" class=\"elementor elementor-2474\" data-elementor-post-type=\"page\">\n\t\t\t\t\t\t<section class=\"elementor-section elementor-top-section elementor-element elementor-element-1f82f4c elementor-section-boxed elementor-section-height-default elementor-section-height-default\" data-id=\"1f82f4c\" data-element_type=\"section\">\n\t\t\t\t\t\t<div class=\"elementor-container elementor-column-gap-default\">\n\t\t\t\t\t<div class=\"elementor-column elementor-col-100 elementor-top-column elementor-element elementor-element-afe1c54\" data-id=\"afe1c54\" data-element_type=\"column\">\n\t\t\t<div class=\"elementor-widget-wrap elementor-element-populated\">\n\t\t\t\t\t\t<section class=\"elementor-section elementor-inner-section elementor-element elementor-element-4edb89f elementor-section-boxed elementor-section-height-default elementor-section-height-default\" data-id=\"4edb89f\" data-element_type=\"section\">\n\t\t\t\t\t\t<div class=\"elementor-container elementor-column-gap-default\">\n\t\t\t\t\t<div class=\"elementor-column elementor-col-50 elementor-inner-column elementor-element elementor-element-5a75997\" data-id=\"5a75997\" data-element_type=\"column\">\n\t\t\t<div class=\"elementor-widget-wrap elementor-element-populated\">\n\t\t\t\t\t\t<div class=\"elementor-element elementor-element-d24d756 elementor-arrows-position-inside elementor-pagination-position-outside elementor-widget elementor-widget-image-carousel\" data-id=\"d24d756\" data-element_type=\"widget\" data-settings=\"{&quot;slides_to_show&quot;:&quot;1&quot;,&quot;navigation&quot;:&quot;both&quot;,&quot;autoplay&quot;:&quot;yes&quot;,&quot;pause_on_hover&quot;:&quot;yes&quot;,&quot;pause_on_interaction&quot;:&quot;yes&quot;,&quot;autoplay_speed&quot;:5000,&quot;infinite&quot;:&quot;yes&quot;,&quot;effect&quot;:&quot;slide&quot;,&quot;speed&quot;:500}\" data-widget_type=\"image-carousel.default\">\n\t\t\t\t<div class=\"elementor-widget-container\">\n\t\t\t<style>\/*! elementor - v3.23.0 - 25-07-2024 *\/\n.elementor-widget-image-carousel .swiper,.elementor-widget-image-carousel .swiper-container{position:static}.elementor-widget-image-carousel .swiper-container .swiper-slide figure,.elementor-widget-image-carousel .swiper .swiper-slide figure{line-height:inherit}.elementor-widget-image-carousel .swiper-slide{text-align:center}.elementor-image-carousel-wrapper:not(.swiper-container-initialized):not(.swiper-initialized) .swiper-slide{max-width:calc(100% \/ var(--e-image-carousel-slides-to-show, 3))}<\/style>\t\t<div class=\"elementor-image-carousel-wrapper swiper\" dir=\"ltr\">\n\t\t\t<div class=\"elementor-image-carousel swiper-wrapper\" aria-live=\"off\">\n\t\t\t\t\t\t\t\t<div class=\"swiper-slide\" role=\"group\" aria-roledescription=\"slide\" aria-label=\"1 of 2\"><figure class=\"swiper-slide-inner\"><img decoding=\"async\" class=\"swiper-slide-image\" src=\"data:image\/svg+xml,%3Csvg%20xmlns%3D&#39;http%3A%2F%2Fwww.w3.org%2F2000%2Fsvg&#39;%20width=&#39;_w_&#39;%20height=&#39;_h_&#39;%20viewBox%3D&#39;0%200%20_w_%20_h_&#39;%2F%3E\" data-czlz data-src=\"https:\/\/beotech.com.tr\/wp-content\/uploads\/2021\/11\/veri-analizi-6.jpg\" alt=\"veri-analizi-6\" \/><\/figure><\/div><div class=\"swiper-slide\" role=\"group\" aria-roledescription=\"slide\" aria-label=\"2 of 2\"><figure class=\"swiper-slide-inner\"><img decoding=\"async\" class=\"swiper-slide-image\" src=\"data:image\/svg+xml,%3Csvg%20xmlns%3D&#39;http%3A%2F%2Fwww.w3.org%2F2000%2Fsvg&#39;%20width=&#39;_w_&#39;%20height=&#39;_h_&#39;%20viewBox%3D&#39;0%200%20_w_%20_h_&#39;%2F%3E\" data-czlz data-src=\"https:\/\/beotech.com.tr\/wp-content\/uploads\/2021\/11\/veri-analizi-5.jpg\" alt=\"veri-analizi-5\" \/><\/figure><\/div>\t\t\t<\/div>\n\t\t\t\t\t\t\t\t\t\t\t\t<div class=\"elementor-swiper-button elementor-swiper-button-prev\" role=\"button\" tabindex=\"0\">\n\t\t\t\t\t\t<i aria-hidden=\"true\" class=\"eicon-chevron-left\"><\/i>\t\t\t\t\t<\/div>\n\t\t\t\t\t<div class=\"elementor-swiper-button elementor-swiper-button-next\" role=\"button\" tabindex=\"0\">\n\t\t\t\t\t\t<i aria-hidden=\"true\" class=\"eicon-chevron-right\"><\/i>\t\t\t\t\t<\/div>\n\t\t\t\t\n\t\t\t\t\t\t\t\t\t<div class=\"swiper-pagination\"><\/div>\n\t\t\t\t\t\t\t\t\t<\/div>\n\t\t\t\t<\/div>\n\t\t\t\t<\/div>\n\t\t\t\t\t<\/div>\n\t\t<\/div>\n\t\t\t\t<div class=\"elementor-column elementor-col-50 elementor-inner-column elementor-element elementor-element-3fbe9e5\" data-id=\"3fbe9e5\" data-element_type=\"column\">\n\t\t\t<div class=\"elementor-widget-wrap elementor-element-populated\">\n\t\t\t\t\t\t<div class=\"elementor-element elementor-element-6135d59 elementor-widget elementor-widget-text-editor\" data-id=\"6135d59\" data-element_type=\"widget\" data-widget_type=\"text-editor.default\">\n\t\t\t\t<div class=\"elementor-widget-container\">\n\t\t\t<style>\/*! elementor - v3.23.0 - 25-07-2024 *\/\n.elementor-widget-text-editor.elementor-drop-cap-view-stacked .elementor-drop-cap{background-color:#69727d;color:#fff}.elementor-widget-text-editor.elementor-drop-cap-view-framed .elementor-drop-cap{color:#69727d;border:3px solid;background-color:transparent}.elementor-widget-text-editor:not(.elementor-drop-cap-view-default) .elementor-drop-cap{margin-top:8px}.elementor-widget-text-editor:not(.elementor-drop-cap-view-default) .elementor-drop-cap-letter{width:1em;height:1em}.elementor-widget-text-editor .elementor-drop-cap{float:left;text-align:center;line-height:1;font-size:50px}.elementor-widget-text-editor .elementor-drop-cap-letter{display:inline-block}<\/style>\t\t\t\t<h2>Veri Toplama ve Analiz<\/h2><div class=\"empty-space marg-lg-b25\"><div class=\"empty-space marg-lg-b25\"><p><strong><span class=\"fontstyle0\">ImprovER Kurumsal Veri Analiz Yaz\u0131l\u0131m\u0131<br \/><\/span><\/strong><span class=\"fontstyle2\">improvER alt yap\u0131s\u0131 itibari ile en g\u00fcncel yaz\u0131l\u0131m teknolojileri ile geli\u015ftirilmi\u015f genel kabul g\u00f6rm\u00fc\u015f t\u00fcm<br \/>veri kaynaklar\u0131n\u0131 destekleyen bir veri g\u00f6rselle\u015ftirme, raporlama ve analiz arac\u0131d\u0131r.<br \/>Bu sayede \u00f6rne\u011fin sadece \u00fcretim sahan\u0131zdaki verileri g\u00f6r\u00fcp izlemekle kalmaz ayn\u0131 zamanda ERP<br \/>sisteminizle entegrasyon sonucu gelen teorik \u00fcretim s\u00fcrelerinizle sahada ger\u00e7ekle\u015fenleri<br \/>kar\u015f\u0131la\u015ft\u0131rabilmek gibi bir\u00e7ok yetene\u011fe eri\u015fmi\u015f olursunuz.<br \/>G\u00fcn\u00fcm\u00fczde i\u015fletmeler farkl\u0131 makinalar\/yaz\u0131l\u0131mlar arac\u0131l\u0131\u011f\u0131yla farkl\u0131 tipte ve boyutta veri \u00fcretir bu<br \/>verinin firmaya katabilece\u011fi \u00f6ng\u00f6r\u00fclerin ve faydalar\u0131n de\u011feri g\u00f6z ard\u0131 edilemez bir ger\u00e7ektir.<br \/>\u201cVerini Hayata Ge\u00e7ir\u201d mottosuyla amac\u0131m\u0131z t\u00fcm sistemlerden \u00fcretilen verilerinizi tek bir portal<br \/>\u00fczerinden izlenebilir, g\u00f6rselle\u015ftirilmi\u015f \u015fekilde \u00f6ng\u00f6r\u00fc ve karar destek sistemlerinizde kullan\u0131labilecek<br \/>seviyede sunmakt\u0131r.<br \/>Bu ama\u00e7la sisteminizdeki makinalardan toplanan veriler, Erp, Mrp, Pdks, Ak\u0131ll\u0131 Depo\/Raf sistemleri<br \/>ve \u0130\u015f Zekas\u0131 K\u00fcpleri gibi bir \u00e7ok farkl\u0131 ortamdan veriler al\u0131narak da\u011f\u0131n\u0131k yap\u0131daki sistem tek bir yap\u0131<br \/>gibi merkezile\u015ftirerek g\u00f6rselle\u015ftirilir.<br \/><\/span><span class=\"fontstyle0\">\u00dcretim Y\u00f6netim Sistemi \u00c7al\u0131\u015fma Ak\u0131\u015f\u0131<br \/><\/span><strong><span class=\"fontstyle3\">&gt; <\/span><\/strong><span class=\"fontstyle2\">Vardiyas\u0131na gelen operat\u00f6r, sicil numaralar\u0131n\u0131 sisteme girerek i\u015f ba\u015f\u0131 yapar.<br \/>Molas\u0131nda yerine bakan di\u011fer operat\u00f6rler ayr\u0131ca takip edilir, mesai s\u00fcresi, mola s\u00fcresi takip<br \/>edilebilir. \u00c7al\u0131\u015fma takvimi vardiya bilgileri iste\u011fe g\u00f6re ERP sisteminden al\u0131nabilir.<br \/><\/span><span class=\"fontstyle3\"><strong>&gt;<\/strong> <\/span><span class=\"fontstyle2\">Operat\u00f6r planlama departman\u0131nda haz\u0131rlanan i\u015f emrini, numaras\u0131n\u0131 makinede HMI dan elle<br \/>veya barkod okuyucu yard\u0131m\u0131 ile girerek ba\u015flat\u0131r. Devam eden \u00fcretim<br \/>s\u00fcreci otomatik olarak bu i\u015f emrine yaz\u0131l\u0131r. \u0130\u015f Emri bilgileri yine ERP sisteminden anl\u0131k olarak<br \/>al\u0131nabilir.<br \/><\/span><span class=\"fontstyle3\"><strong>&gt;<\/strong> <\/span><span class=\"fontstyle2\">\u00dcretim makinelerinden HMI ve PLC\u2019ler yard\u0131m\u0131yla OPC Serverdan otomatik olarak veri toplan\u0131r.<br \/>Bu ad\u0131mda barkod okuyucu, manyetik kart okuyucu, RFID ile veri giri\u015fi yap\u0131labilir, 7 inch HMI panel<br \/>\u00fczerinden operat\u00f6re bilgi ve y\u00f6nlendirme mesajlar\u0131 iletilebilir.<br \/><\/span><span class=\"fontstyle3\"><strong>&gt;<\/strong> <\/span><span class=\"fontstyle2\">\u00dcretimde kullan\u0131lacak hammadde ve yar\u0131 mam\u00fcller barkodlar\u0131 okutularak do\u011fru i\u015f emri i\u00e7in<br \/>do\u011fru bile\u015fenlerin kullan\u0131lmas\u0131 sa\u011flanabilir, seri ve lot kontrolleri takibi yap\u0131labilir.<br \/><\/span><span class=\"fontstyle3\"><strong>&gt;<\/strong> <\/span><span class=\"fontstyle2\">Makinelerden \u00fcretim veya duru\u015f oldu\u011fu otomatik olarak tespit edilir gerekirse alarm \u00fcretilir.<\/span><br \/><span class=\"fontstyle3\"><strong>&gt;<\/strong> <\/span><span class=\"fontstyle2\">Ar\u0131zaya m\u00fcdahaleye gelen onar\u0131m teknisyeni kendi sicil numaras\u0131n\u0131 HMI dan girer ve<br \/>m\u00fcdahale zaman\u0131 ba\u015flang\u0131c\u0131 olarak kabul edilir. \u0130\u015flem sonucunda teknisyen yine ar\u0131za ve \u00e7\u00f6z\u00fcm<br \/>bilgilerini de terminalden girer.<br \/>B\u00f6ylelikle onar\u0131m ekibinin kimlik, m\u00fcdahale ve tamir s\u00fcreleri takip edilir. Bu a\u015famada ar\u0131za ve<br \/>\u00e7\u00f6z\u00fcm kodlar\u0131 varsa bak\u0131m onar\u0131m yaz\u0131l\u0131m\u0131ndan yada yine Erp program\u0131ndan anl\u0131k olarak al\u0131nabilir<br \/>imkan varsa barkod olarak okutulabilir.<br \/><\/span><span class=\"fontstyle0\">Yaz\u0131l\u0131m\u0131n Yetenek ve Sa\u011flad\u0131\u011f\u0131 Faydalar<br \/><\/span><span class=\"fontstyle3\">\u2022 <\/span><span class=\"fontstyle2\">Y\u0131ll\u0131k, ayl\u0131k, haftal\u0131k, g\u00fcnl\u00fck ve vardiya baz\u0131nda g\u00f6rsel grafiksel raporlar ve dashboardlar ile<br \/>istenen de\u011ferler d\u00f6nemsel takip edilebilir.<br \/><\/span><span class=\"fontstyle3\">\u2022 <\/span><span class=\"fontstyle2\">Fabrika, hat, makine, i\u015f merkezi, operat\u00f6r baz\u0131nda filtrelemeler yap\u0131larak b\u00f6l\u00fcm odakl\u0131<br \/>performans ve verimlilik analizleri yap\u0131labilir. Bu sayede gizli kay\u0131plar ve darbo\u011fazlar\u0131n tespiti<br \/>yap\u0131labilir, sistem s\u00fcrekli takip edilebilir ve yap\u0131lan iyile\u015ftirmelerin etkileri izlenebilir.<br \/>Planlama ve ERP den al\u0131nan veriler do\u011frultusunda kapasite kullan\u0131mlar\u0131 izlenebilir.<\/span><\/p><p><img fetchpriority=\"high\" decoding=\"async\" class=\"aligncenter wp-image-2150 size-full\" src=\"data:image\/svg+xml,%3Csvg%20xmlns%3D&#39;http%3A%2F%2Fwww.w3.org%2F2000%2Fsvg&#39;%20width=&#39;790&#39;%20height=&#39;244&#39;%20viewBox%3D&#39;0%200%20790%20244&#39;%2F%3E\" data-czlz data-src=\"http:\/\/beotech.com.tr\/wp-content\/uploads\/2021\/11\/veri-analiz-1.jpg\" alt=\"\" width=\"790\" height=\"244\" \/><\/p><p><span class=\"fontstyle0\">\u2022 <\/span><span class=\"fontstyle2\">Hat, makine, i\u015f merkezi, \u00fcretim emri baz\u0131nda enerji t\u00fcketimleri izlenerek maliyet<br \/>da\u011f\u0131l\u0131mlar\u0131nda daha do\u011fru birim fiyatlar\u0131n olu\u015fturulmas\u0131 sa\u011flan\u0131r.<br \/><\/span><span class=\"fontstyle0\">\u2022 <\/span><span class=\"fontstyle2\">Makine i\u015f emri setup s\u00fcreleri izlenerek performans kay\u0131plar\u0131na ba\u011fl\u0131 maliyetlerin a\u015fa\u011f\u0131ya<br \/>\u00e7ekilmesi sa\u011flan\u0131r.<br \/><\/span><span class=\"fontstyle0\">\u2022 <\/span><span class=\"fontstyle2\">Sahadan toplanan \u00fcretim adetleri do\u011frultusunda performans analizi ve d\u00f6nemsel<br \/>kar\u015f\u0131la\u015ft\u0131rmalar yap\u0131labilir.<\/span> <\/p><p><img decoding=\"async\" class=\"alignnone wp-image-2152 size-full\" src=\"data:image\/svg+xml,%3Csvg%20xmlns%3D&#39;http%3A%2F%2Fwww.w3.org%2F2000%2Fsvg&#39;%20width=&#39;958&#39;%20height=&#39;629&#39;%20viewBox%3D&#39;0%200%20958%20629&#39;%2F%3E\" data-czlz data-src=\"http:\/\/beotech.com.tr\/wp-content\/uploads\/2021\/11\/veri-analiz-2.jpg\" alt=\"\" width=\"958\" height=\"629\" \/><\/p><p><span class=\"fontstyle0\">\u2022 <\/span><span class=\"fontstyle2\">Fire ve Tadilat adetleri ve nedenleri baz\u0131nda analizler yap\u0131larak makine-kal\u0131p-insan kaynakl\u0131<br \/>hata ve performans kay\u0131plar\u0131n\u0131n g\u00f6r\u00fcnt\u00fclenmesi sa\u011flan\u0131r. Bu sayede \u00fcretim verimlili\u011finin<br \/>art\u0131r\u0131lmas\u0131nda yard\u0131mc\u0131 olur.<br \/><\/span><span class=\"fontstyle0\">\u2022 <\/span><span class=\"fontstyle2\">Makine \/ personel duru\u015f s\u00fcreleri, nedenleri ve \u00e7\u00f6z\u00fcmleri baz\u0131nda raporlar ile \u00fcretim<br \/>personeli ve bak\u0131m ekibinin verimlilikleri etkin bir \u015fekilde \u00f6l\u00e7\u00fcl\u00fcr. Hat, Vardiya, Makine<br \/>Personel detay\u0131na indirgenerek analiz yap\u0131labilir.<\/span> <\/p><p><img decoding=\"async\" class=\"aligncenter wp-image-2153 size-full\" src=\"data:image\/svg+xml,%3Csvg%20xmlns%3D&#39;http%3A%2F%2Fwww.w3.org%2F2000%2Fsvg&#39;%20width=&#39;479&#39;%20height=&#39;305&#39;%20viewBox%3D&#39;0%200%20479%20305&#39;%2F%3E\" data-czlz data-src=\"http:\/\/beotech.com.tr\/wp-content\/uploads\/2021\/11\/veri-analiz-3.jpg\" alt=\"\" width=\"479\" height=\"305\" \/><\/p><p><img loading=\"lazy\" decoding=\"async\" class=\"aligncenter size-full wp-image-2154\" src=\"data:image\/svg+xml,%3Csvg%20xmlns%3D&#39;http%3A%2F%2Fwww.w3.org%2F2000%2Fsvg&#39;%20width=&#39;393&#39;%20height=&#39;284&#39;%20viewBox%3D&#39;0%200%20393%20284&#39;%2F%3E\" data-czlz data-src=\"http:\/\/beotech.com.tr\/wp-content\/uploads\/2021\/11\/veri-analiz-4.jpg\" alt=\"\" width=\"393\" height=\"284\" \/><\/p><p><span class=\"fontstyle0\">\u2022 <\/span><span class=\"fontstyle2\">\u00dcretim miktarlar\u0131n\u0131 performanslar\u0131 izlemenin yan\u0131nda duru\u015flar, ar\u0131zalar ve \u00e7\u00f6z\u00fcm s\u00fcreleri<br \/>analizi, hatal\u0131 \u00fcretim ve \u0131skarta nedenleri analizine yard\u0131mc\u0131 olarak OEE\u2019nin toplam ekipman<br \/>ve i\u015fg\u00fcc\u00fc verimlili\u011finizin art\u0131\u015f\u0131nda size yard\u0131mc\u0131 olur.<br \/><\/span><span class=\"fontstyle0\">\u2022 <\/span><span class=\"fontstyle2\">Ge\u00e7mi\u015f d\u00f6nem \u00fcretim adet\/fire istatistiklerinin yan\u0131nda enerji t\u00fcketim de\u011ferlerini de<br \/>izleyerek i\u015fletmenin daha ger\u00e7ek\u00e7i maliyet analizi yapmas\u0131na, m\u00fc\u015fterisine daha ger\u00e7ek\u00e7i<br \/>teslim s\u00fcreleri vermesine, sat\u0131\u015f ekibine daha rekabet\u00e7i fiyatlar haz\u0131rlanmas\u0131nda ger\u00e7ek veri<br \/>sunar.<br \/><\/span><span class=\"fontstyle0\">\u2022 <\/span><span class=\"fontstyle2\">Y\u00f6netime kurum b\u00fcnyesinde kullan\u0131lan di\u011fer da\u011f\u0131t\u0131k bilgi sistemlerinden toplanan anl\u0131k<br \/>veriler ile kar\u015f\u0131la\u015ft\u0131r\u0131labilir g\u00f6rsel analizler ve dashboardlar sunarak karar s\u00fcre\u00e7lerinde<br \/>yard\u0131mc\u0131 olur.<\/span> <\/p><p>\u00a0<\/p><\/div><\/div>\t\t\t\t\t\t<\/div>\n\t\t\t\t<\/div>\n\t\t\t\t\t<\/div>\n\t\t<\/div>\n\t\t\t\t\t<\/div>\n\t\t<\/section>\n\t\t\t\t\t<\/div>\n\t\t<\/div>\n\t\t\t\t\t<\/div>\n\t\t<\/section>\n\t\t\t\t<\/div>\n\t\t","protected":false},"excerpt":{"rendered":"<p>\u041f\u0440\u0435\u0442\u0445\u043e\u0434\u043d\u0430 \u0421\u043b\u0435\u0434\u043d\u043e \u0421\u0432\u043e\u0438\u0442\u0435 \u043f\u043e\u0434\u0430\u0442\u043e\u0446\u0438 \u0433\u0438 \u0432\u043d\u0435\u0441\u0443\u0432\u0430 \u0438 \u043e\u0434 \u0442\u0435\u0440\u043c\u0438\u043d\u0430\u043b\u043e\u0442. \u0411\u043b\u0430\u0433\u043e\u0434\u0430\u0440\u0435\u043d\u0438\u0435 \u043d\u0430 &#8230; <\/p>\n","protected":false},"author":1,"featured_media":0,"parent":2475,"menu_order":0,"comment_status":"closed","ping_status":"closed","template":"elementor_theme","meta":{"footnotes":""},"class_list":["post-2474","page","type-page","status-publish","hentry"],"_links":{"self":[{"href":"https:\/\/beotech.com.tr\/mk\/wp-json\/wp\/v2\/pages\/2474"}],"collection":[{"href":"https:\/\/beotech.com.tr\/mk\/wp-json\/wp\/v2\/pages"}],"about":[{"href":"https:\/\/beotech.com.tr\/mk\/wp-json\/wp\/v2\/types\/page"}],"author":[{"embeddable":true,"href":"https:\/\/beotech.com.tr\/mk\/wp-json\/wp\/v2\/users\/1"}],"replies":[{"embeddable":true,"href":"https:\/\/beotech.com.tr\/mk\/wp-json\/wp\/v2\/comments?post=2474"}],"version-history":[{"count":1,"href":"https:\/\/beotech.com.tr\/mk\/wp-json\/wp\/v2\/pages\/2474\/revisions"}],"predecessor-version":[{"id":2481,"href":"https:\/\/beotech.com.tr\/mk\/wp-json\/wp\/v2\/pages\/2474\/revisions\/2481"}],"up":[{"embeddable":true,"href":"https:\/\/beotech.com.tr\/mk\/wp-json\/wp\/v2\/pages\/2475"}],"wp:attachment":[{"href":"https:\/\/beotech.com.tr\/mk\/wp-json\/wp\/v2\/media?parent=2474"}],"curies":[{"name":"wp","href":"https:\/\/api.w.org\/{rel}","templated":true}]}}