{"id":2473,"date":"2021-11-23T09:55:05","date_gmt":"2021-11-23T06:55:05","guid":{"rendered":"https:\/\/beotech.com.tr\/%d0%bf%d0%be%d0%bf%d1%80%d0%b0%d0%b2%d0%ba%d0%b0-%d0%be%d0%b4%d1%80%d0%b6%d1%83%d0%b2%d0%b0%d1%9a%d0%b5-%d0%b8-%d0%bf%d1%80%d0%be%d0%b4%d0%b0%d0%b6%d0%b1%d0%b0-%d0%bd%d0%b0-%d0%b4%d0%b8%d1%81%d0%ba\/"},"modified":"2024-07-29T15:05:48","modified_gmt":"2024-07-29T12:05:48","slug":"%d0%bf%d0%be%d0%bf%d1%80%d0%b0%d0%b2%d0%ba%d0%b0-%d0%be%d0%b4%d1%80%d0%b6%d1%83%d0%b2%d0%b0%d1%9a%d0%b5-%d0%b8-%d0%bf%d1%80%d0%be%d0%b4%d0%b0%d0%b6%d0%b1%d0%b0-%d0%bd%d0%b0-%d0%b4%d0%b8%d1%81%d0%ba","status":"publish","type":"page","link":"https:\/\/beotech.com.tr\/mk\/%d0%bd%d0%b0%d1%88%d0%b8%d1%82%d0%b5-%d1%83%d1%81%d0%bb%d1%83%d0%b3%d0%b8\/%d0%bf%d0%be%d0%bf%d1%80%d0%b0%d0%b2%d0%ba%d0%b0-%d0%be%d0%b4%d1%80%d0%b6%d1%83%d0%b2%d0%b0%d1%9a%d0%b5-%d0%b8-%d0%bf%d1%80%d0%be%d0%b4%d0%b0%d0%b6%d0%b1%d0%b0-%d0%bd%d0%b0-%d0%b4%d0%b8%d1%81%d0%ba\/","title":{"rendered":"\u041f\u043e\u043f\u0440\u0430\u0432\u043a\u0430, \u043e\u0434\u0440\u0436\u0443\u0432\u0430\u045a\u0435 \u0438 \u043f\u0440\u043e\u0434\u0430\u0436\u0431\u0430 \u043d\u0430 \u0434\u0438\u0441\u043a\u043e\u0432\u0438"},"content":{"rendered":"\t\t<div data-elementor-type=\"wp-page\" data-elementor-id=\"2473\" class=\"elementor elementor-2473\" data-elementor-post-type=\"page\">\n\t\t\t\t\t\t<section class=\"elementor-section elementor-top-section elementor-element elementor-element-1f82f4c elementor-section-boxed elementor-section-height-default elementor-section-height-default\" data-id=\"1f82f4c\" data-element_type=\"section\">\n\t\t\t\t\t\t<div class=\"elementor-container elementor-column-gap-default\">\n\t\t\t\t\t<div class=\"elementor-column elementor-col-100 elementor-top-column elementor-element elementor-element-afe1c54\" data-id=\"afe1c54\" data-element_type=\"column\">\n\t\t\t<div class=\"elementor-widget-wrap elementor-element-populated\">\n\t\t\t\t\t\t<section class=\"elementor-section elementor-inner-section elementor-element elementor-element-4edb89f elementor-section-boxed elementor-section-height-default elementor-section-height-default\" data-id=\"4edb89f\" data-element_type=\"section\">\n\t\t\t\t\t\t<div class=\"elementor-container elementor-column-gap-default\">\n\t\t\t\t\t<div class=\"elementor-column elementor-col-50 elementor-inner-column elementor-element elementor-element-5a75997\" data-id=\"5a75997\" data-element_type=\"column\">\n\t\t\t<div class=\"elementor-widget-wrap elementor-element-populated\">\n\t\t\t\t\t\t<div class=\"elementor-element elementor-element-d24d756 elementor-arrows-position-inside elementor-pagination-position-outside elementor-widget elementor-widget-image-carousel\" data-id=\"d24d756\" data-element_type=\"widget\" data-settings=\"{&quot;slides_to_show&quot;:&quot;1&quot;,&quot;navigation&quot;:&quot;both&quot;,&quot;autoplay&quot;:&quot;yes&quot;,&quot;pause_on_hover&quot;:&quot;yes&quot;,&quot;pause_on_interaction&quot;:&quot;yes&quot;,&quot;autoplay_speed&quot;:5000,&quot;infinite&quot;:&quot;yes&quot;,&quot;effect&quot;:&quot;slide&quot;,&quot;speed&quot;:500}\" data-widget_type=\"image-carousel.default\">\n\t\t\t\t<div class=\"elementor-widget-container\">\n\t\t\t<style>\/*! elementor - v3.23.0 - 25-07-2024 *\/\n.elementor-widget-image-carousel .swiper,.elementor-widget-image-carousel .swiper-container{position:static}.elementor-widget-image-carousel .swiper-container .swiper-slide figure,.elementor-widget-image-carousel .swiper .swiper-slide figure{line-height:inherit}.elementor-widget-image-carousel .swiper-slide{text-align:center}.elementor-image-carousel-wrapper:not(.swiper-container-initialized):not(.swiper-initialized) .swiper-slide{max-width:calc(100% \/ var(--e-image-carousel-slides-to-show, 3))}<\/style>\t\t<div class=\"elementor-image-carousel-wrapper swiper\" dir=\"ltr\">\n\t\t\t<div class=\"elementor-image-carousel swiper-wrapper\" aria-live=\"off\">\n\t\t\t\t\t\t\t\t<div class=\"swiper-slide\" role=\"group\" aria-roledescription=\"slide\" aria-label=\"1 of 2\"><figure class=\"swiper-slide-inner\"><img decoding=\"async\" class=\"swiper-slide-image\" src=\"data:image\/svg+xml,%3Csvg%20xmlns%3D&#39;http%3A%2F%2Fwww.w3.org%2F2000%2Fsvg&#39;%20width=&#39;_w_&#39;%20height=&#39;_h_&#39;%20viewBox%3D&#39;0%200%20_w_%20_h_&#39;%2F%3E\" data-czlz data-src=\"https:\/\/beotech.com.tr\/wp-content\/uploads\/2021\/12\/suruculer-beotech2.png\" alt=\"s\u00fcr\u00fcc\u00fcler-beotech2\" \/><\/figure><\/div><div class=\"swiper-slide\" role=\"group\" aria-roledescription=\"slide\" aria-label=\"2 of 2\"><figure class=\"swiper-slide-inner\"><img decoding=\"async\" class=\"swiper-slide-image\" src=\"data:image\/svg+xml,%3Csvg%20xmlns%3D&#39;http%3A%2F%2Fwww.w3.org%2F2000%2Fsvg&#39;%20width=&#39;_w_&#39;%20height=&#39;_h_&#39;%20viewBox%3D&#39;0%200%20_w_%20_h_&#39;%2F%3E\" data-czlz data-src=\"https:\/\/beotech.com.tr\/wp-content\/uploads\/2021\/12\/suruculer-beotech.png\" alt=\"s\u00fcr\u00fcc\u00fcler-beotech\" \/><\/figure><\/div>\t\t\t<\/div>\n\t\t\t\t\t\t\t\t\t\t\t\t<div class=\"elementor-swiper-button elementor-swiper-button-prev\" role=\"button\" tabindex=\"0\">\n\t\t\t\t\t\t<i aria-hidden=\"true\" class=\"eicon-chevron-left\"><\/i>\t\t\t\t\t<\/div>\n\t\t\t\t\t<div class=\"elementor-swiper-button elementor-swiper-button-next\" role=\"button\" tabindex=\"0\">\n\t\t\t\t\t\t<i aria-hidden=\"true\" class=\"eicon-chevron-right\"><\/i>\t\t\t\t\t<\/div>\n\t\t\t\t\n\t\t\t\t\t\t\t\t\t<div class=\"swiper-pagination\"><\/div>\n\t\t\t\t\t\t\t\t\t<\/div>\n\t\t\t\t<\/div>\n\t\t\t\t<\/div>\n\t\t\t\t\t<\/div>\n\t\t<\/div>\n\t\t\t\t<div class=\"elementor-column elementor-col-50 elementor-inner-column elementor-element elementor-element-3fbe9e5\" data-id=\"3fbe9e5\" data-element_type=\"column\">\n\t\t\t<div class=\"elementor-widget-wrap elementor-element-populated\">\n\t\t\t\t\t\t<div class=\"elementor-element elementor-element-6135d59 elementor-widget elementor-widget-text-editor\" data-id=\"6135d59\" data-element_type=\"widget\" data-widget_type=\"text-editor.default\">\n\t\t\t\t<div class=\"elementor-widget-container\">\n\t\t\t<style>\/*! elementor - v3.23.0 - 25-07-2024 *\/\n.elementor-widget-text-editor.elementor-drop-cap-view-stacked .elementor-drop-cap{background-color:#69727d;color:#fff}.elementor-widget-text-editor.elementor-drop-cap-view-framed .elementor-drop-cap{color:#69727d;border:3px solid;background-color:transparent}.elementor-widget-text-editor:not(.elementor-drop-cap-view-default) .elementor-drop-cap{margin-top:8px}.elementor-widget-text-editor:not(.elementor-drop-cap-view-default) .elementor-drop-cap-letter{width:1em;height:1em}.elementor-widget-text-editor .elementor-drop-cap{float:left;text-align:center;line-height:1;font-size:50px}.elementor-widget-text-editor .elementor-drop-cap-letter{display:inline-block}<\/style>\t\t\t\t<h2>S\u00fcr\u00fcc\u00fc Tamir, Bak\u0131m ve Sat\u0131\u015f\u0131<\/h2><div class=\"empty-space marg-lg-b25\"><div class=\"empty-space marg-lg-b25\"><div class=\"empty-space marg-lg-b25\">S\u00fcr\u00fcc\u00fc teknolojisinin hayata ge\u00e7mesi ile senkron ve asenkron motorlar\u0131n hareket kabiliyeti artm\u0131\u015f ve enerji verimlili\u011fi ile firmalara b\u00fcy\u00fck katk\u0131lar sa\u011flam\u0131\u015ft\u0131r.<\/div><div class=\"simple-text\"><p><b>BEOTECH distrib\u00fct\u00f6r firma deste\u011fi ile tamiri ve sat\u0131\u015f\u0131n\u0131 yapt\u0131\u011f\u0131 Nidec Grubuna ait Leroy Somer ve Yaskawa markas\u0131n\u0131n resmi tamir servisidir.<\/b><\/p><p>Kendi b\u00fcnyesinde uzmanla\u015fm\u0131\u015f kadrosuyla marka ve model fark etmeksizin b\u00fct\u00fcn s\u00fcr\u00fcc\u00fclere tamir ve devreye alma hizmeti vermektedir. Onar\u0131lan cihazlar\u0131n testleri y\u00fckl\u00fc ve y\u00fcks\u00fcz olarak yap\u0131lmakta, gerekirse \u00fcretimi durdurmamak i\u00e7in yedek cihaz temin etmektedir.<br \/><b><br \/>BEOTECH olarak s\u00fcr\u00fcc\u00fcler ile ilgili vermi\u015f oldu\u011fumuz hizmetler a\u015fa\u011f\u0131daki gibi s\u0131ralanm\u0131\u015ft\u0131r;<\/b><\/p><p>&#8211; AC, DC ve SERVO s\u00fcr\u00fcc\u00fclerin kontrol kartlar\u0131 tamir ve bak\u0131m\u0131<br \/>&#8211; Step Motor kartlar\u0131 tamir, bak\u0131m ve senkronizasyon kartlar\u0131 tamir ve bak\u0131m\u0131<br \/>&#8211; Motion Controller kartlar\u0131 tamir ve bak\u0131m\u0131. Analog ve Digital s\u00fcr\u00fcc\u00fclerin tamir ve bak\u0131m\u0131<br \/>&#8211; Yerinde genel bak\u0131m, onar\u0131m ve analiz i\u015flemleri<br \/>&#8211; Can, Canbus, Profibus, Canopen haberle\u015fme kartlar\u0131 tamirleri<br \/>&#8211; Farkl\u0131 markalar ile revizyon, yerinde de\u011fi\u015fiklik ve uygulamalar\u0131<br \/>&#8211; Tamir sonras\u0131 test imk\u00e2n\u0131 ( %90 markalar \u00e7ap\u0131nda )<\/p><\/div><\/div><\/div>\t\t\t\t\t\t<\/div>\n\t\t\t\t<\/div>\n\t\t\t\t\t<\/div>\n\t\t<\/div>\n\t\t\t\t\t<\/div>\n\t\t<\/section>\n\t\t\t\t\t<\/div>\n\t\t<\/div>\n\t\t\t\t\t<\/div>\n\t\t<\/section>\n\t\t\t\t<\/div>\n\t\t","protected":false},"excerpt":{"rendered":"<p>\u041f\u0440\u0435\u0442\u0445\u043e\u0434\u043d\u0430 \u0421\u043b\u0435\u0434\u043d\u043e \u041f\u043e\u043f\u0440\u0430\u0432\u043a\u0430, \u043e\u0434\u0440\u0436\u0443\u0432\u0430\u045a\u0435 \u0438 \u043f\u0440\u043e\u0434\u0430\u0436\u0431\u0430 \u043d\u0430 \u0434\u0438\u0441\u043a\u043e\u0432\u0438 \u0421\u043e \u0438\u043c\u043f\u043b\u0435\u043c\u0435\u043d\u0442\u0430\u0446\u0438\u0458\u0430\u0442\u0430 \u043d\u0430 &#8230; <\/p>\n","protected":false},"author":1,"featured_media":0,"parent":2475,"menu_order":0,"comment_status":"closed","ping_status":"closed","template":"elementor_theme","meta":{"footnotes":""},"class_list":["post-2473","page","type-page","status-publish","hentry"],"_links":{"self":[{"href":"https:\/\/beotech.com.tr\/mk\/wp-json\/wp\/v2\/pages\/2473"}],"collection":[{"href":"https:\/\/beotech.com.tr\/mk\/wp-json\/wp\/v2\/pages"}],"about":[{"href":"https:\/\/beotech.com.tr\/mk\/wp-json\/wp\/v2\/types\/page"}],"author":[{"embeddable":true,"href":"https:\/\/beotech.com.tr\/mk\/wp-json\/wp\/v2\/users\/1"}],"replies":[{"embeddable":true,"href":"https:\/\/beotech.com.tr\/mk\/wp-json\/wp\/v2\/comments?post=2473"}],"version-history":[{"count":1,"href":"https:\/\/beotech.com.tr\/mk\/wp-json\/wp\/v2\/pages\/2473\/revisions"}],"predecessor-version":[{"id":2479,"href":"https:\/\/beotech.com.tr\/mk\/wp-json\/wp\/v2\/pages\/2473\/revisions\/2479"}],"up":[{"embeddable":true,"href":"https:\/\/beotech.com.tr\/mk\/wp-json\/wp\/v2\/pages\/2475"}],"wp:attachment":[{"href":"https:\/\/beotech.com.tr\/mk\/wp-json\/wp\/v2\/media?parent=2473"}],"curies":[{"name":"wp","href":"https:\/\/api.w.org\/{rel}","templated":true}]}}