{"id":2469,"date":"2021-11-25T05:20:17","date_gmt":"2021-11-25T02:20:17","guid":{"rendered":"https:\/\/beotech.com.tr\/%d0%bf%d0%be%d0%bf%d1%80%d0%b0%d0%b2%d0%ba%d0%b0-%d0%bd%d0%b0-%d0%ba%d0%b0%d1%80%d1%82%d0%b8%d1%87%d0%ba%d0%b0%d1%82%d0%b0\/"},"modified":"2024-07-29T15:05:48","modified_gmt":"2024-07-29T12:05:48","slug":"%d0%bf%d0%be%d0%bf%d1%80%d0%b0%d0%b2%d0%ba%d0%b0-%d0%bd%d0%b0-%d0%ba%d0%b0%d1%80%d1%82%d0%b8%d1%87%d0%ba%d0%b0%d1%82%d0%b0","status":"publish","type":"page","link":"https:\/\/beotech.com.tr\/mk\/%d0%bd%d0%b0%d1%88%d0%b8%d1%82%d0%b5-%d1%83%d1%81%d0%bb%d1%83%d0%b3%d0%b8\/%d0%bf%d0%be%d0%bf%d1%80%d0%b0%d0%b2%d0%ba%d0%b0-%d0%bd%d0%b0-%d0%ba%d0%b0%d1%80%d1%82%d0%b8%d1%87%d0%ba%d0%b0%d1%82%d0%b0\/","title":{"rendered":"\u041f\u041e\u041f\u0420\u0410\u0412\u041a\u0410 \u041d\u0410 \u041a\u0410\u0420\u0422\u0418\u0427\u041a\u0410\u0422\u0410"},"content":{"rendered":"\t\t<div data-elementor-type=\"wp-page\" data-elementor-id=\"2469\" class=\"elementor elementor-2469\" data-elementor-post-type=\"page\">\n\t\t\t\t\t\t<section class=\"elementor-section elementor-top-section elementor-element elementor-element-1f82f4c elementor-section-boxed elementor-section-height-default elementor-section-height-default\" data-id=\"1f82f4c\" data-element_type=\"section\">\n\t\t\t\t\t\t<div class=\"elementor-container elementor-column-gap-default\">\n\t\t\t\t\t<div class=\"elementor-column elementor-col-100 elementor-top-column elementor-element elementor-element-afe1c54\" data-id=\"afe1c54\" data-element_type=\"column\">\n\t\t\t<div class=\"elementor-widget-wrap elementor-element-populated\">\n\t\t\t\t\t\t<section class=\"elementor-section elementor-inner-section elementor-element elementor-element-4edb89f elementor-section-boxed elementor-section-height-default elementor-section-height-default\" data-id=\"4edb89f\" data-element_type=\"section\">\n\t\t\t\t\t\t<div class=\"elementor-container elementor-column-gap-default\">\n\t\t\t\t\t<div class=\"elementor-column elementor-col-50 elementor-inner-column elementor-element elementor-element-5a75997\" data-id=\"5a75997\" data-element_type=\"column\">\n\t\t\t<div class=\"elementor-widget-wrap elementor-element-populated\">\n\t\t\t\t\t\t<div class=\"elementor-element elementor-element-d24d756 elementor-arrows-position-inside elementor-pagination-position-outside elementor-widget elementor-widget-image-carousel\" data-id=\"d24d756\" data-element_type=\"widget\" data-settings=\"{&quot;slides_to_show&quot;:&quot;1&quot;,&quot;navigation&quot;:&quot;both&quot;,&quot;autoplay&quot;:&quot;yes&quot;,&quot;pause_on_hover&quot;:&quot;yes&quot;,&quot;pause_on_interaction&quot;:&quot;yes&quot;,&quot;autoplay_speed&quot;:5000,&quot;infinite&quot;:&quot;yes&quot;,&quot;effect&quot;:&quot;slide&quot;,&quot;speed&quot;:500}\" data-widget_type=\"image-carousel.default\">\n\t\t\t\t<div class=\"elementor-widget-container\">\n\t\t\t<style>\/*! elementor - v3.23.0 - 25-07-2024 *\/\n.elementor-widget-image-carousel .swiper,.elementor-widget-image-carousel .swiper-container{position:static}.elementor-widget-image-carousel .swiper-container .swiper-slide figure,.elementor-widget-image-carousel .swiper .swiper-slide figure{line-height:inherit}.elementor-widget-image-carousel .swiper-slide{text-align:center}.elementor-image-carousel-wrapper:not(.swiper-container-initialized):not(.swiper-initialized) .swiper-slide{max-width:calc(100% \/ var(--e-image-carousel-slides-to-show, 3))}<\/style>\t\t<div class=\"elementor-image-carousel-wrapper swiper\" dir=\"ltr\">\n\t\t\t<div class=\"elementor-image-carousel swiper-wrapper\" aria-live=\"off\">\n\t\t\t\t\t\t\t\t<div class=\"swiper-slide\" role=\"group\" aria-roledescription=\"slide\" aria-label=\"1 of 2\"><figure class=\"swiper-slide-inner\"><img decoding=\"async\" class=\"swiper-slide-image\" src=\"data:image\/svg+xml,%3Csvg%20xmlns%3D&#39;http%3A%2F%2Fwww.w3.org%2F2000%2Fsvg&#39;%20width=&#39;_w_&#39;%20height=&#39;_h_&#39;%20viewBox%3D&#39;0%200%20_w_%20_h_&#39;%2F%3E\" data-czlz data-src=\"https:\/\/beotech.com.tr\/wp-content\/uploads\/2021\/11\/kart-tamiri-1.jpg\" alt=\"kart-tamiri-1\" \/><\/figure><\/div><div class=\"swiper-slide\" role=\"group\" aria-roledescription=\"slide\" aria-label=\"2 of 2\"><figure class=\"swiper-slide-inner\"><img decoding=\"async\" class=\"swiper-slide-image\" src=\"data:image\/svg+xml,%3Csvg%20xmlns%3D&#39;http%3A%2F%2Fwww.w3.org%2F2000%2Fsvg&#39;%20width=&#39;_w_&#39;%20height=&#39;_h_&#39;%20viewBox%3D&#39;0%200%20_w_%20_h_&#39;%2F%3E\" data-czlz data-src=\"https:\/\/beotech.com.tr\/wp-content\/uploads\/2021\/11\/kart-tamiri-2.jpg\" alt=\"kart-tamiri-2\" \/><\/figure><\/div>\t\t\t<\/div>\n\t\t\t\t\t\t\t\t\t\t\t\t<div class=\"elementor-swiper-button elementor-swiper-button-prev\" role=\"button\" tabindex=\"0\">\n\t\t\t\t\t\t<i aria-hidden=\"true\" class=\"eicon-chevron-left\"><\/i>\t\t\t\t\t<\/div>\n\t\t\t\t\t<div class=\"elementor-swiper-button elementor-swiper-button-next\" role=\"button\" tabindex=\"0\">\n\t\t\t\t\t\t<i aria-hidden=\"true\" class=\"eicon-chevron-right\"><\/i>\t\t\t\t\t<\/div>\n\t\t\t\t\n\t\t\t\t\t\t\t\t\t<div class=\"swiper-pagination\"><\/div>\n\t\t\t\t\t\t\t\t\t<\/div>\n\t\t\t\t<\/div>\n\t\t\t\t<\/div>\n\t\t\t\t\t<\/div>\n\t\t<\/div>\n\t\t\t\t<div class=\"elementor-column elementor-col-50 elementor-inner-column elementor-element elementor-element-3fbe9e5\" data-id=\"3fbe9e5\" data-element_type=\"column\">\n\t\t\t<div class=\"elementor-widget-wrap elementor-element-populated\">\n\t\t\t\t\t\t<div class=\"elementor-element elementor-element-6135d59 elementor-widget elementor-widget-text-editor\" data-id=\"6135d59\" data-element_type=\"widget\" data-widget_type=\"text-editor.default\">\n\t\t\t\t<div class=\"elementor-widget-container\">\n\t\t\t<style>\/*! elementor - v3.23.0 - 25-07-2024 *\/\n.elementor-widget-text-editor.elementor-drop-cap-view-stacked .elementor-drop-cap{background-color:#69727d;color:#fff}.elementor-widget-text-editor.elementor-drop-cap-view-framed .elementor-drop-cap{color:#69727d;border:3px solid;background-color:transparent}.elementor-widget-text-editor:not(.elementor-drop-cap-view-default) .elementor-drop-cap{margin-top:8px}.elementor-widget-text-editor:not(.elementor-drop-cap-view-default) .elementor-drop-cap-letter{width:1em;height:1em}.elementor-widget-text-editor .elementor-drop-cap{float:left;text-align:center;line-height:1;font-size:50px}.elementor-widget-text-editor .elementor-drop-cap-letter{display:inline-block}<\/style>\t\t\t\t<h2>Kart Tamiri<\/h2><div class=\"empty-space marg-lg-b25\"><div class=\"empty-space marg-lg-b25\"><p>BEOTECH Elektronik Kart Tamiri konusunda uzman ekibiyle Bursa\u2019da faaliyet g\u00f6stermektedir.<\/p><p>End\u00fcstrinin her alan\u0131nda meydana gelebilecek elektronik kart ar\u0131zalar\u0131n\u0131n bak\u0131m ve onar\u0131m\u0131 i\u00e7in bizlerle ileti\u015fime ge\u00e7ebilirsiniz.<\/p><p>T\u00fcrkiye&#8217;nin neresinde olursan\u0131z olun yerinde servis hizmetimizden faydalanabilir, b\u00f6ylelikle zamandan tasarruf sa\u011flayabilirsiniz.<\/p><\/div><\/div>\t\t\t\t\t\t<\/div>\n\t\t\t\t<\/div>\n\t\t\t\t\t<\/div>\n\t\t<\/div>\n\t\t\t\t\t<\/div>\n\t\t<\/section>\n\t\t\t\t\t<\/div>\n\t\t<\/div>\n\t\t\t\t\t<\/div>\n\t\t<\/section>\n\t\t\t\t<\/div>\n\t\t","protected":false},"excerpt":{"rendered":"<p>\u041f\u0440\u0435\u0442\u0445\u043e\u0434\u043d\u0430 \u0421\u043b\u0435\u0434\u043d\u043e \u041f\u041e\u041f\u0420\u0410\u0412\u041a\u0410 \u041d\u0410 \u041a\u0410\u0420\u0422\u0418\u0427\u041a\u0410\u0422\u0410 BEOTECH \u0440\u0430\u0431\u043e\u0442\u0438 \u0432\u043e \u0411\u0443\u0440\u0441\u0430 \u0441\u043e \u0441\u0432\u043e\u0458\u043e\u0442 &#8230; <\/p>\n","protected":false},"author":1,"featured_media":0,"parent":2475,"menu_order":0,"comment_status":"closed","ping_status":"closed","template":"elementor_theme","meta":{"footnotes":""},"class_list":["post-2469","page","type-page","status-publish","hentry"],"_links":{"self":[{"href":"https:\/\/beotech.com.tr\/mk\/wp-json\/wp\/v2\/pages\/2469"}],"collection":[{"href":"https:\/\/beotech.com.tr\/mk\/wp-json\/wp\/v2\/pages"}],"about":[{"href":"https:\/\/beotech.com.tr\/mk\/wp-json\/wp\/v2\/types\/page"}],"author":[{"embeddable":true,"href":"https:\/\/beotech.com.tr\/mk\/wp-json\/wp\/v2\/users\/1"}],"replies":[{"embeddable":true,"href":"https:\/\/beotech.com.tr\/mk\/wp-json\/wp\/v2\/comments?post=2469"}],"version-history":[{"count":1,"href":"https:\/\/beotech.com.tr\/mk\/wp-json\/wp\/v2\/pages\/2469\/revisions"}],"predecessor-version":[{"id":2480,"href":"https:\/\/beotech.com.tr\/mk\/wp-json\/wp\/v2\/pages\/2469\/revisions\/2480"}],"up":[{"embeddable":true,"href":"https:\/\/beotech.com.tr\/mk\/wp-json\/wp\/v2\/pages\/2475"}],"wp:attachment":[{"href":"https:\/\/beotech.com.tr\/mk\/wp-json\/wp\/v2\/media?parent=2469"}],"curies":[{"name":"wp","href":"https:\/\/api.w.org\/{rel}","templated":true}]}}