{"id":2468,"date":"2021-11-23T08:07:27","date_gmt":"2021-11-23T05:07:27","guid":{"rendered":"https:\/\/beotech.com.tr\/%d0%b8%d0%bd%d0%b4%d1%83%d1%81%d1%82%d1%80%d0%b8%d1%81%d0%ba%d0%b8-%d0%ba%d0%be%d0%bc%d0%bf%d1%98%d1%83%d1%82%d0%b5%d1%80%d0%b8-%d0%bf%d0%be%d0%bf%d1%80%d0%b0%d0%b2%d0%ba%d0%b0-%d0%be%d0%b4%d1%80\/"},"modified":"2024-07-29T15:05:48","modified_gmt":"2024-07-29T12:05:48","slug":"%d0%b8%d0%bd%d0%b4%d1%83%d1%81%d1%82%d1%80%d0%b8%d1%81%d0%ba%d0%b8-%d0%ba%d0%be%d0%bc%d0%bf%d1%98%d1%83%d1%82%d0%b5%d1%80%d0%b8-%d0%bf%d0%be%d0%bf%d1%80%d0%b0%d0%b2%d0%ba%d0%b0-%d0%be%d0%b4%d1%80","status":"publish","type":"page","link":"https:\/\/beotech.com.tr\/mk\/%d0%bd%d0%b0%d1%88%d0%b8%d1%82%d0%b5-%d1%83%d1%81%d0%bb%d1%83%d0%b3%d0%b8\/%d0%b8%d0%bd%d0%b4%d1%83%d1%81%d1%82%d1%80%d0%b8%d1%81%d0%ba%d0%b8-%d0%ba%d0%be%d0%bc%d0%bf%d1%98%d1%83%d1%82%d0%b5%d1%80%d0%b8-%d0%bf%d0%be%d0%bf%d1%80%d0%b0%d0%b2%d0%ba%d0%b0-%d0%be%d0%b4%d1%80\/","title":{"rendered":"\u0418\u043d\u0434\u0443\u0441\u0442\u0440\u0438\u0441\u043a\u0438 \u043a\u043e\u043c\u043f\u0458\u0443\u0442\u0435\u0440\u0438 \u043f\u043e\u043f\u0440\u0430\u0432\u043a\u0430-\u043e\u0434\u0440\u0436\u0443\u0432\u0430\u045a\u0435 \u0438 \u043f\u0440\u043e\u0434\u0430\u0436\u0431\u0430"},"content":{"rendered":"\t\t<div data-elementor-type=\"wp-page\" data-elementor-id=\"2468\" class=\"elementor elementor-2468\" data-elementor-post-type=\"page\">\n\t\t\t\t\t\t<section class=\"elementor-section elementor-top-section elementor-element elementor-element-1f82f4c elementor-section-boxed elementor-section-height-default elementor-section-height-default\" data-id=\"1f82f4c\" data-element_type=\"section\">\n\t\t\t\t\t\t<div class=\"elementor-container elementor-column-gap-default\">\n\t\t\t\t\t<div class=\"elementor-column elementor-col-100 elementor-top-column elementor-element elementor-element-afe1c54\" data-id=\"afe1c54\" data-element_type=\"column\">\n\t\t\t<div class=\"elementor-widget-wrap elementor-element-populated\">\n\t\t\t\t\t\t<section class=\"elementor-section elementor-inner-section elementor-element elementor-element-4edb89f elementor-section-boxed elementor-section-height-default elementor-section-height-default\" data-id=\"4edb89f\" data-element_type=\"section\">\n\t\t\t\t\t\t<div class=\"elementor-container elementor-column-gap-default\">\n\t\t\t\t\t<div class=\"elementor-column elementor-col-50 elementor-inner-column elementor-element elementor-element-5a75997\" data-id=\"5a75997\" data-element_type=\"column\">\n\t\t\t<div class=\"elementor-widget-wrap elementor-element-populated\">\n\t\t\t\t\t\t<div class=\"elementor-element elementor-element-d24d756 elementor-arrows-position-inside elementor-pagination-position-outside elementor-widget elementor-widget-image-carousel\" data-id=\"d24d756\" data-element_type=\"widget\" data-settings=\"{&quot;slides_to_show&quot;:&quot;1&quot;,&quot;navigation&quot;:&quot;both&quot;,&quot;autoplay&quot;:&quot;yes&quot;,&quot;pause_on_hover&quot;:&quot;yes&quot;,&quot;pause_on_interaction&quot;:&quot;yes&quot;,&quot;autoplay_speed&quot;:5000,&quot;infinite&quot;:&quot;yes&quot;,&quot;effect&quot;:&quot;slide&quot;,&quot;speed&quot;:500}\" data-widget_type=\"image-carousel.default\">\n\t\t\t\t<div class=\"elementor-widget-container\">\n\t\t\t<style>\/*! elementor - v3.23.0 - 25-07-2024 *\/\n.elementor-widget-image-carousel .swiper,.elementor-widget-image-carousel .swiper-container{position:static}.elementor-widget-image-carousel .swiper-container .swiper-slide figure,.elementor-widget-image-carousel .swiper .swiper-slide figure{line-height:inherit}.elementor-widget-image-carousel .swiper-slide{text-align:center}.elementor-image-carousel-wrapper:not(.swiper-container-initialized):not(.swiper-initialized) .swiper-slide{max-width:calc(100% \/ var(--e-image-carousel-slides-to-show, 3))}<\/style>\t\t<div class=\"elementor-image-carousel-wrapper swiper\" dir=\"ltr\">\n\t\t\t<div class=\"elementor-image-carousel swiper-wrapper\" aria-live=\"off\">\n\t\t\t\t\t\t\t\t<div class=\"swiper-slide\" role=\"group\" aria-roledescription=\"slide\" aria-label=\"1 of 3\"><figure class=\"swiper-slide-inner\"><img decoding=\"async\" class=\"swiper-slide-image\" src=\"data:image\/svg+xml,%3Csvg%20xmlns%3D&#39;http%3A%2F%2Fwww.w3.org%2F2000%2Fsvg&#39;%20width=&#39;_w_&#39;%20height=&#39;_h_&#39;%20viewBox%3D&#39;0%200%20_w_%20_h_&#39;%2F%3E\" data-czlz data-src=\"https:\/\/beotech.com.tr\/wp-content\/uploads\/2021\/12\/endustriyel-pc-tamiri-1-beotech-2.png\" alt=\"endustriyel-pc-tamiri-1-beotech-2\" \/><\/figure><\/div><div class=\"swiper-slide\" role=\"group\" aria-roledescription=\"slide\" aria-label=\"2 of 3\"><figure class=\"swiper-slide-inner\"><img decoding=\"async\" class=\"swiper-slide-image\" src=\"data:image\/svg+xml,%3Csvg%20xmlns%3D&#39;http%3A%2F%2Fwww.w3.org%2F2000%2Fsvg&#39;%20width=&#39;_w_&#39;%20height=&#39;_h_&#39;%20viewBox%3D&#39;0%200%20_w_%20_h_&#39;%2F%3E\" data-czlz data-src=\"https:\/\/beotech.com.tr\/wp-content\/uploads\/2021\/12\/endustriyel-pc-tamiri-1-beotech-1.png\" alt=\"endustriyel-pc-tamiri-1-beotech-1\" \/><\/figure><\/div><div class=\"swiper-slide\" role=\"group\" aria-roledescription=\"slide\" aria-label=\"3 of 3\"><figure class=\"swiper-slide-inner\"><img decoding=\"async\" class=\"swiper-slide-image\" src=\"data:image\/svg+xml,%3Csvg%20xmlns%3D&#39;http%3A%2F%2Fwww.w3.org%2F2000%2Fsvg&#39;%20width=&#39;_w_&#39;%20height=&#39;_h_&#39;%20viewBox%3D&#39;0%200%20_w_%20_h_&#39;%2F%3E\" data-czlz data-src=\"https:\/\/beotech.com.tr\/wp-content\/uploads\/2021\/12\/endustriyel-pc-tamiri-1-beotech-3.png\" alt=\"endustriyel-pc-tamiri-1-beotech-3\" \/><\/figure><\/div>\t\t\t<\/div>\n\t\t\t\t\t\t\t\t\t\t\t\t<div class=\"elementor-swiper-button elementor-swiper-button-prev\" role=\"button\" tabindex=\"0\">\n\t\t\t\t\t\t<i aria-hidden=\"true\" class=\"eicon-chevron-left\"><\/i>\t\t\t\t\t<\/div>\n\t\t\t\t\t<div class=\"elementor-swiper-button elementor-swiper-button-next\" role=\"button\" tabindex=\"0\">\n\t\t\t\t\t\t<i aria-hidden=\"true\" class=\"eicon-chevron-right\"><\/i>\t\t\t\t\t<\/div>\n\t\t\t\t\n\t\t\t\t\t\t\t\t\t<div class=\"swiper-pagination\"><\/div>\n\t\t\t\t\t\t\t\t\t<\/div>\n\t\t\t\t<\/div>\n\t\t\t\t<\/div>\n\t\t\t\t\t<\/div>\n\t\t<\/div>\n\t\t\t\t<div class=\"elementor-column elementor-col-50 elementor-inner-column elementor-element elementor-element-3fbe9e5\" data-id=\"3fbe9e5\" data-element_type=\"column\">\n\t\t\t<div class=\"elementor-widget-wrap elementor-element-populated\">\n\t\t\t\t\t\t<div class=\"elementor-element elementor-element-6135d59 elementor-widget elementor-widget-text-editor\" data-id=\"6135d59\" data-element_type=\"widget\" data-widget_type=\"text-editor.default\">\n\t\t\t\t<div class=\"elementor-widget-container\">\n\t\t\t<style>\/*! elementor - v3.23.0 - 25-07-2024 *\/\n.elementor-widget-text-editor.elementor-drop-cap-view-stacked .elementor-drop-cap{background-color:#69727d;color:#fff}.elementor-widget-text-editor.elementor-drop-cap-view-framed .elementor-drop-cap{color:#69727d;border:3px solid;background-color:transparent}.elementor-widget-text-editor:not(.elementor-drop-cap-view-default) .elementor-drop-cap{margin-top:8px}.elementor-widget-text-editor:not(.elementor-drop-cap-view-default) .elementor-drop-cap-letter{width:1em;height:1em}.elementor-widget-text-editor .elementor-drop-cap{float:left;text-align:center;line-height:1;font-size:50px}.elementor-widget-text-editor .elementor-drop-cap-letter{display:inline-block}<\/style>\t\t\t\t<h2>End\u00fcstriyel PC Tamir-Bak\u0131m ve Sat\u0131\u015f\u0131<\/h2><p>Bilgisayarlar\u0131n g\u00fcnl\u00fck hayat\u0131m\u0131z\u0131n d\u0131\u015f\u0131nda \u00fcretim sahalar\u0131nada girmesiyle End\u00fcstriyel PC kavram\u0131 geli\u015fmi\u015f, \u00fcretimin kontroll\u00fc ve basit hale gelmesi sa\u011flanm\u0131\u015ft\u0131r. End\u00fcstriyel PC&#8217;lerin tamiri ve temini d\u0131\u015f\u0131nda uygulama hizmetide verilmekte, \u00fcretiminizin sorunsuz devam ettirilmesi sa\u011flanmaktad\u0131r.<br \/><b><br \/>BEOTECH olarak End\u00fcstriyel PC ler ile ilgili vermi\u015f oldu\u011fumuz hizmetler a\u015fa\u011f\u0131daki gibi s\u0131ralanm\u0131\u015ft\u0131r;<\/b><\/p><p>&#8211; Anakart tamiri ve de\u011fi\u015fimi<br \/>&#8211; BGA sorunlar\u0131n\u0131n giderilmesi<br \/>&#8211; End\u00fcstriyel PC yedek par\u00e7a temini<br \/>&#8211; Harddisk onar\u0131m\u0131, bak\u0131m ve yedekleme<br \/>&#8211; \u0130leti\u015fim sistemi, revizyon ve sorun giderme<br \/>&#8211; Panel de\u011fi\u015fimi, touch panel tamir ve temini<br \/>&#8211; Tamir sonras\u0131 test imk\u00e2n\u0131 ( %90 markalar \u00e7ap\u0131nda )<br \/>&#8211; Haberle\u015fme ve entegrasyon sorunlar\u0131n\u0131n giderilmesi<br \/>&#8211; Revizyon ( Model uyarlama, iste\u011fe yan\u0131t verecek cihaz \u00f6nerimi ve uygulamas\u0131<\/p>\t\t\t\t\t\t<\/div>\n\t\t\t\t<\/div>\n\t\t\t\t\t<\/div>\n\t\t<\/div>\n\t\t\t\t\t<\/div>\n\t\t<\/section>\n\t\t\t\t\t<\/div>\n\t\t<\/div>\n\t\t\t\t\t<\/div>\n\t\t<\/section>\n\t\t\t\t<\/div>\n\t\t","protected":false},"excerpt":{"rendered":"<p>\u041f\u0440\u0435\u0442\u0445\u043e\u0434\u043d\u0430 \u0421\u043b\u0435\u0434\u043d\u043e \u0418\u043d\u0434\u0443\u0441\u0442\u0440\u0438\u0441\u043a\u0438 \u043a\u043e\u043c\u043f\u0458\u0443\u0442\u0435\u0440\u0438 \u043f\u043e\u043f\u0440\u0430\u0432\u043a\u0430-\u043e\u0434\u0440\u0436\u0443\u0432\u0430\u045a\u0435 \u0438 \u043f\u0440\u043e\u0434\u0430\u0436\u0431\u0430 \u0421\u043e \u0432\u043e\u0432\u0435\u0434\u0443\u0432\u0430\u045a\u0435\u0442\u043e \u043d\u0430 \u043a\u043e\u043c\u043f\u0458\u0443\u0442\u0435\u0440\u0438\u0442\u0435 &#8230; <\/p>\n","protected":false},"author":1,"featured_media":0,"parent":2475,"menu_order":0,"comment_status":"closed","ping_status":"closed","template":"elementor_theme","meta":{"footnotes":""},"class_list":["post-2468","page","type-page","status-publish","hentry"],"_links":{"self":[{"href":"https:\/\/beotech.com.tr\/mk\/wp-json\/wp\/v2\/pages\/2468"}],"collection":[{"href":"https:\/\/beotech.com.tr\/mk\/wp-json\/wp\/v2\/pages"}],"about":[{"href":"https:\/\/beotech.com.tr\/mk\/wp-json\/wp\/v2\/types\/page"}],"author":[{"embeddable":true,"href":"https:\/\/beotech.com.tr\/mk\/wp-json\/wp\/v2\/users\/1"}],"replies":[{"embeddable":true,"href":"https:\/\/beotech.com.tr\/mk\/wp-json\/wp\/v2\/comments?post=2468"}],"version-history":[{"count":1,"href":"https:\/\/beotech.com.tr\/mk\/wp-json\/wp\/v2\/pages\/2468\/revisions"}],"predecessor-version":[{"id":2476,"href":"https:\/\/beotech.com.tr\/mk\/wp-json\/wp\/v2\/pages\/2468\/revisions\/2476"}],"up":[{"embeddable":true,"href":"https:\/\/beotech.com.tr\/mk\/wp-json\/wp\/v2\/pages\/2475"}],"wp:attachment":[{"href":"https:\/\/beotech.com.tr\/mk\/wp-json\/wp\/v2\/media?parent=2468"}],"curies":[{"name":"wp","href":"https:\/\/api.w.org\/{rel}","templated":true}]}}